{"id":3621,"date":"2018-11-24T13:15:27","date_gmt":"2018-11-24T12:15:27","guid":{"rendered":"http:\/\/www.drschubert.de\/?page_id=3621"},"modified":"2022-03-16T18:03:56","modified_gmt":"2022-03-16T17:03:56","slug":"praxisphilosophie","status":"publish","type":"page","link":"http:\/\/www.drschubert.de\/?page_id=3621","title":{"rendered":"Praxisphilosophie"},"content":{"rendered":"<p><span class=\"seitentitel\">:: Praxisphilosophie<\/span><\/p>\n<p><span class=\"geschwungen\">Wir m\u00f6chten, dass Sie sich bei uns wohlf\u00fchlen!<\/span><\/p>\n<p>Ziel unserer Arbeit ist es, unseren Patienten eine angstfreie und schonende Behandlung zu erm\u00f6glichen.<br \/>\nHierbei legen wir h\u00f6chsten Wert auf Freundlichkeit in einer angenehmen und entspannten Atmosph\u00e4re.<\/p>\n<p>Unsere Behandlung bietet das gesamte Spektrum der modernen Zahnmedizin.<br \/>\nSchwerpunkte unserer Praxis sind dabei \u00e4sthetisch und funktionell hochwertige Versorgungen mit denen wir die W\u00fcnsche unserer Patienten bestm\u00f6glich erf\u00fcllen.<br \/>\nDurch Fokussierung auf Prophylaxe \/ professionelle Zahnreinigung versuchen wir langfristig beste Zahngesundheit zu erreichen.<\/p>\n<p>Eine besondere Serviceorientierung bieten wir durch geringe Wartezeiten, Morgensprechzeiten ab 7.30 Uhr an 2 Wochentagen und Abendsprechzeiten bis 18 Uhr an 2 Wochentagen. Au\u00dferdem sind wir stets bem\u00fcht Beratungs- und Aufkl\u00e4rungsgespr\u00e4che f\u00fcr Patienten nachvollziehbar und verst\u00e4ndlich zu gestallten.<\/p>\n<p>Mit dem barrierefreien Zugang und klimatisierten Behandlungsr\u00e4umen m\u00f6chten wir allen Patienten eine angenehme Behandlung erm\u00f6glichen.<\/p>\n<p><span class=\"geschwungen\">Das gesamte Team der Zahnarztpraxis Dr. Schubert freut sich auf Ihren Besuch!<\/span><\/p>\n","protected":false},"excerpt":{"rendered":"<p>:: Praxisphilosophie Wir m\u00f6chten, dass Sie sich bei uns wohlf\u00fchlen! Ziel unserer Arbeit ist es, unseren Patienten eine angstfreie und schonende Behandlung zu erm\u00f6glichen. Hierbei legen wir h\u00f6chsten Wert auf Freundlichkeit in einer angenehmen und entspannten Atmosph\u00e4re. Unsere Behandlung bietet das gesamte Spektrum der modernen Zahnmedizin. Schwerpunkte unserer Praxis sind dabei \u00e4sthetisch und funktionell hochwertige Versorgungen mit denen wir die W\u00fcnsche unserer Patienten bestm\u00f6glich erf\u00fcllen. Durch Fokussierung auf Prophylaxe \/ professionelle Zahnreinigung versuchen wir langfristig beste Zahngesundheit zu erreichen. Eine&hellip;<\/p>\n","protected":false},"author":1,"featured_media":0,"parent":3594,"menu_order":3,"comment_status":"closed","ping_status":"closed","template":"","meta":[],"_links":{"self":[{"href":"http:\/\/www.drschubert.de\/index.php?rest_route=\/wp\/v2\/pages\/3621"}],"collection":[{"href":"http:\/\/www.drschubert.de\/index.php?rest_route=\/wp\/v2\/pages"}],"about":[{"href":"http:\/\/www.drschubert.de\/index.php?rest_route=\/wp\/v2\/types\/page"}],"author":[{"embeddable":true,"href":"http:\/\/www.drschubert.de\/index.php?rest_route=\/wp\/v2\/users\/1"}],"replies":[{"embeddable":true,"href":"http:\/\/www.drschubert.de\/index.php?rest_route=%2Fwp%2Fv2%2Fcomments&post=3621"}],"version-history":[{"count":7,"href":"http:\/\/www.drschubert.de\/index.php?rest_route=\/wp\/v2\/pages\/3621\/revisions"}],"predecessor-version":[{"id":3693,"href":"http:\/\/www.drschubert.de\/index.php?rest_route=\/wp\/v2\/pages\/3621\/revisions\/3693"}],"up":[{"embeddable":true,"href":"http:\/\/www.drschubert.de\/index.php?rest_route=\/wp\/v2\/pages\/3594"}],"wp:attachment":[{"href":"http:\/\/www.drschubert.de\/index.php?rest_route=%2Fwp%2Fv2%2Fmedia&parent=3621"}],"curies":[{"name":"wp","href":"https:\/\/api.w.org\/{rel}","templated":true}]}}