{"id":3704,"date":"2018-11-26T12:56:48","date_gmt":"2018-11-26T11:56:48","guid":{"rendered":"http:\/\/www.drschubert.de\/?page_id=3704"},"modified":"2019-07-16T22:02:48","modified_gmt":"2019-07-16T20:02:48","slug":"hochwertiger-zahnersatz","status":"publish","type":"page","link":"http:\/\/www.drschubert.de\/?page_id=3704","title":{"rendered":"hochwertiger Zahnersatz"},"content":{"rendered":"<p><span class=\"seitentitel\">:: hochwertiger Zahnersatz<br \/>\n<\/span><\/p>\n<p>Im heutigen Medienzeitalter, in dem im TV nur makellose Sch\u00f6nheiten zu sehen sind, wird der Wunsch nach sch\u00f6nen wei\u00dfen und geraden Z\u00e4hnen immer ausgepr\u00e4ger.<br \/>\nSch\u00f6ne Z\u00e4hne verk\u00f6rpern Attribute wie Gesundheit, Erfolg und Jugendlichkeit.<br \/>\nDiesen W\u00fcnschen wird Zahnersatz aus Vollkeramik in besonderem Ma\u00dfe gerecht.<br \/>\nDas nat\u00fcrliche Aussehen von Z\u00e4hnen kommt durch die richtige Farbe und ins besonderem auch durch das richtige Verh\u00e4ltnis von Lichtbrechung, -reflexion und -durchl\u00e4ssigkeit zustande.<\/p>\n<p><img decoding=\"async\" loading=\"lazy\" class=\"alignnone size-thumbnail wp-image-4020\" src=\"http:\/\/www.drschubert.de\/wp-content\/uploads\/ze_1-150x150.jpg\" alt=\"\" width=\"150\" height=\"150\" srcset=\"http:\/\/www.drschubert.de\/wp-content\/uploads\/ze_1-150x150.jpg 150w, http:\/\/www.drschubert.de\/wp-content\/uploads\/ze_1.jpg 274w\" sizes=\"(max-width: 150px) 100vw, 150px\" \/>\u00a0<img decoding=\"async\" loading=\"lazy\" class=\"alignnone size-thumbnail wp-image-4021\" src=\"http:\/\/www.drschubert.de\/wp-content\/uploads\/ze_2-150x150.jpg\" alt=\"\" width=\"150\" height=\"150\" srcset=\"http:\/\/www.drschubert.de\/wp-content\/uploads\/ze_2-150x150.jpg 150w, http:\/\/www.drschubert.de\/wp-content\/uploads\/ze_2.jpg 276w\" sizes=\"(max-width: 150px) 100vw, 150px\" \/><\/p>\n<p>Da vollkeramische Restaurationen keinen Metallkern besitzen, kann nur mit ihnen eine naturnahe \u00c4sthetik erreicht werden. Au\u00dferdem sind durch die geringe Schichtst\u00e4rke der Kronen Stellungskorrekturen leichter zu realisieren.<\/p>\n<p>Einige Beispiele aus unserer Praxis, welche erstaunlichen Ver\u00e4nderungen sich erzielen lassen.<\/p>\n<p><img decoding=\"async\" loading=\"lazy\" class=\"alignnone wp-image-4023 size-full\" src=\"http:\/\/www.drschubert.de\/wp-content\/uploads\/ze_4.jpg\" alt=\"\" width=\"527\" height=\"795\" srcset=\"http:\/\/www.drschubert.de\/wp-content\/uploads\/ze_4.jpg 527w, http:\/\/www.drschubert.de\/wp-content\/uploads\/ze_4-199x300.jpg 199w\" sizes=\"(max-width: 527px) 100vw, 527px\" \/><\/p>\n<p>Ergebnisse wie diese sind sowohl f\u00fcr Patienten als auch f\u00fcr unser Behandlungsteam immer eine gro\u00dfe Freude.<\/p>\n<p><img decoding=\"async\" loading=\"lazy\" class=\"alignnone size-full wp-image-4022\" src=\"http:\/\/www.drschubert.de\/wp-content\/uploads\/ze_3.jpg\" alt=\"\" width=\"532\" height=\"448\" srcset=\"http:\/\/www.drschubert.de\/wp-content\/uploads\/ze_3.jpg 532w, http:\/\/www.drschubert.de\/wp-content\/uploads\/ze_3-300x253.jpg 300w\" sizes=\"(max-width: 532px) 100vw, 532px\" \/><\/p>\n","protected":false},"excerpt":{"rendered":"<p>:: hochwertiger Zahnersatz Im heutigen Medienzeitalter, in dem im TV nur makellose Sch\u00f6nheiten zu sehen sind, wird der Wunsch nach sch\u00f6nen wei\u00dfen und geraden Z\u00e4hnen immer ausgepr\u00e4ger. Sch\u00f6ne Z\u00e4hne verk\u00f6rpern Attribute wie Gesundheit, Erfolg und Jugendlichkeit. Diesen W\u00fcnschen wird Zahnersatz aus Vollkeramik in besonderem Ma\u00dfe gerecht. Das nat\u00fcrliche Aussehen von Z\u00e4hnen kommt durch die richtige Farbe und ins besonderem auch durch das richtige Verh\u00e4ltnis von Lichtbrechung, -reflexion und -durchl\u00e4ssigkeit zustande. \u00a0 Da vollkeramische Restaurationen keinen Metallkern besitzen, kann nur mit&hellip;<\/p>\n","protected":false},"author":1,"featured_media":0,"parent":3699,"menu_order":3,"comment_status":"closed","ping_status":"closed","template":"","meta":[],"_links":{"self":[{"href":"http:\/\/www.drschubert.de\/index.php?rest_route=\/wp\/v2\/pages\/3704"}],"collection":[{"href":"http:\/\/www.drschubert.de\/index.php?rest_route=\/wp\/v2\/pages"}],"about":[{"href":"http:\/\/www.drschubert.de\/index.php?rest_route=\/wp\/v2\/types\/page"}],"author":[{"embeddable":true,"href":"http:\/\/www.drschubert.de\/index.php?rest_route=\/wp\/v2\/users\/1"}],"replies":[{"embeddable":true,"href":"http:\/\/www.drschubert.de\/index.php?rest_route=%2Fwp%2Fv2%2Fcomments&post=3704"}],"version-history":[{"count":4,"href":"http:\/\/www.drschubert.de\/index.php?rest_route=\/wp\/v2\/pages\/3704\/revisions"}],"predecessor-version":[{"id":4024,"href":"http:\/\/www.drschubert.de\/index.php?rest_route=\/wp\/v2\/pages\/3704\/revisions\/4024"}],"up":[{"embeddable":true,"href":"http:\/\/www.drschubert.de\/index.php?rest_route=\/wp\/v2\/pages\/3699"}],"wp:attachment":[{"href":"http:\/\/www.drschubert.de\/index.php?rest_route=%2Fwp%2Fv2%2Fmedia&parent=3704"}],"curies":[{"name":"wp","href":"https:\/\/api.w.org\/{rel}","templated":true}]}}