{"id":3708,"date":"2018-11-26T12:58:08","date_gmt":"2018-11-26T11:58:08","guid":{"rendered":"http:\/\/www.drschubert.de\/?page_id=3708"},"modified":"2019-07-20T13:54:34","modified_gmt":"2019-07-20T11:54:34","slug":"kinderfreundliche-praxis","status":"publish","type":"page","link":"http:\/\/www.drschubert.de\/?page_id=3708","title":{"rendered":"kinderfreundliche Praxis"},"content":{"rendered":"<p><span class=\"seitentitel\">:: kinderfreundliche Praxis<br \/>\n<\/span><\/p>\n<p>Kinder sollten schon ab fr\u00fchester Kindheit an die Pflege ihrer Z\u00e4hne herangef\u00fchrt werden. Im Kleinkindalter m\u00fcssen sie dazu von ihren Eltern erzogen und unterst\u00fctzt werden. Die Zahnreinigung beginnt mit dem Durchbruch des ersten Zahnes und muss mit zunehmender Zahl immer intensiver durchgef\u00fchrt werden. Dabei nimmt man ab dem 2. Lebensjahr Kinderzahncreme und ab dem 6. Lebensjahr Erwachsenenzahncreme. Bis zum Schulanfang ist es den Eltern zu empfehlen die Z\u00e4hne ihrer Kinder nachzuputzen, da die manuellen F\u00e4higkeiten der Kinder noch nicht ausreichen um allen Zahnbelag vollst\u00e4ndig zu entfernen.<\/p>\n<p>Zu der Gesundheitserziehung der Eltern werden die Kinder auch in den Bildungseinrichtungen Kindergarten und Schule auf die Wichtigkeit der richtigen Zahnpflege durch gruppenprophylaktische Ma\u00dfnahmen aufmerksam gemacht. Vom 6.-18. Lebensjahr haben Kinder zus\u00e4tzlich Anspruch auf Prophylaxema\u00dfnahmen in der Zahnarztpraxis.<\/p>\n<p>Dazu geh\u00f6ren<\/p>\n<ul>\n<li>Mundhygieneunterweisung<\/li>\n<li>Entfernung von Bel\u00e4gen<\/li>\n<li>Fluoridierung aller Z\u00e4hne<\/li>\n<li>Fissurenversiegelung der Backenz\u00e4hne<\/li>\n<\/ul>\n<p>Es wird empfohlen diese Prophylaxema\u00dfnahmen gemeinsam mit der Vorsorgeuntersuchung halbj\u00e4hrlich wahrzunehmen.<br \/>\nGemeinsam sollen elterliche und zahn\u00e4rztliche Gesundheitserziehung die Kinder f\u00fcr die Pflege ihrer Z\u00e4hne intensiv motivieren um Sch\u00e4den vor der Entstehung zu verhindern.<\/p>\n","protected":false},"excerpt":{"rendered":"<p>:: kinderfreundliche Praxis Kinder sollten schon ab fr\u00fchester Kindheit an die Pflege ihrer Z\u00e4hne herangef\u00fchrt werden. Im Kleinkindalter m\u00fcssen sie dazu von ihren Eltern erzogen und unterst\u00fctzt werden. Die Zahnreinigung beginnt mit dem Durchbruch des ersten Zahnes und muss mit zunehmender Zahl immer intensiver durchgef\u00fchrt werden. Dabei nimmt man ab dem 2. Lebensjahr Kinderzahncreme und ab dem 6. Lebensjahr Erwachsenenzahncreme. Bis zum Schulanfang ist es den Eltern zu empfehlen die Z\u00e4hne ihrer Kinder nachzuputzen, da die manuellen F\u00e4higkeiten der Kinder&hellip;<\/p>\n","protected":false},"author":1,"featured_media":0,"parent":3699,"menu_order":5,"comment_status":"closed","ping_status":"closed","template":"","meta":[],"_links":{"self":[{"href":"http:\/\/www.drschubert.de\/index.php?rest_route=\/wp\/v2\/pages\/3708"}],"collection":[{"href":"http:\/\/www.drschubert.de\/index.php?rest_route=\/wp\/v2\/pages"}],"about":[{"href":"http:\/\/www.drschubert.de\/index.php?rest_route=\/wp\/v2\/types\/page"}],"author":[{"embeddable":true,"href":"http:\/\/www.drschubert.de\/index.php?rest_route=\/wp\/v2\/users\/1"}],"replies":[{"embeddable":true,"href":"http:\/\/www.drschubert.de\/index.php?rest_route=%2Fwp%2Fv2%2Fcomments&post=3708"}],"version-history":[{"count":26,"href":"http:\/\/www.drschubert.de\/index.php?rest_route=\/wp\/v2\/pages\/3708\/revisions"}],"predecessor-version":[{"id":4039,"href":"http:\/\/www.drschubert.de\/index.php?rest_route=\/wp\/v2\/pages\/3708\/revisions\/4039"}],"up":[{"embeddable":true,"href":"http:\/\/www.drschubert.de\/index.php?rest_route=\/wp\/v2\/pages\/3699"}],"wp:attachment":[{"href":"http:\/\/www.drschubert.de\/index.php?rest_route=%2Fwp%2Fv2%2Fmedia&parent=3708"}],"curies":[{"name":"wp","href":"https:\/\/api.w.org\/{rel}","templated":true}]}}