

{"id":3747,"date":"2018-11-26T21:42:43","date_gmt":"2018-11-26T20:42:43","guid":{"rendered":"http:\/\/www.drschubert.de\/?page_id=3747"},"modified":"2019-07-15T13:08:59","modified_gmt":"2019-07-15T11:08:59","slug":"kontakt","status":"publish","type":"page","link":"http:\/\/www.drschubert.de\/?page_id=3747","title":{"rendered":"Kontakt"},"content":{"rendered":"<div id=\"pl-3747\" class=\"panel-layout\">\n<div id=\"pg-3747-0\" class=\"panel-grid panel-no-style\">\n<div id=\"pgc-3747-0-0\" class=\"panel-grid-cell\" data-weight=\"1\">\n<div id=\"panel-3747-0-0-0\" class=\"so-panel widget widget_sow-editor panel-first-child panel-last-child\" data-index=\"0\" data-style=\"{&quot;background_image_attachment&quot;:false,&quot;background_display&quot;:&quot;tile&quot;}\">\n<div class=\"so-widget-sow-editor so-widget-sow-editor-base\">\n<div class=\"siteorigin-widget-tinymce textwidget\">\n<p><span class=\"seitentitel\">:: Kontakt<br \/>\n<\/span><\/p>\n<p>Um f\u00fcr unsere Patienten angemessene Zeit f\u00fcr Beratung und Behandlung zu haben, arbeiten wir mit festen Behandlungsterminen. Daher bitten wir Sie, vorab Termine telefonisch mit uns zu vereinbaren.<br \/>\nF\u00fcr unsere zuverl\u00e4ssige Planung ist es wichtig, dass sie Ihren Termin m\u00f6glichst 24 Stunden vorher absagen, wenn Sie ihn einmal nicht einhalten k\u00f6nnen.<\/p>\n<p>Bei Notf\u00e4llen k\u00f6nnen Sie nat\u00fcrlich direkt in die Praxis kommen, m\u00f6chten Sie jedoch bitten, sich vorab kurz telefonisch bei uns zu melden.<\/p>\n<p>Zur Verk\u00fcrzung Ihrer Wartezeit als Neupatient f\u00fcllen Sie bitte den <strong><span style=\"color: #97a400;\"><a class=\"pum-trigger popmake-3795\" style=\"color: 97a400; ); cursor: pointer;\" data-do-default=\"\">Anamnesebogen<\/a><\/span><\/strong> aus und bringen ihn bei der ersten Anmeldung mit in die Praxis.<\/p>\n<div>\n\n\t\t\t\t<div id=\"map_ol3js_1\" class=\"map undefined\" data-map_name=\"undefined\" data-map=\"map_ol3js_1\" style=\"width:95%; max-width:100%; height:450px; display:block; overflow:hidden;border:2px solid grey;\" >\n\t\t\t\t  <div id=\"map_ol3js_1_popup\" class=\"ol-popup\" >\n\t\t\t\t\t<a href=\"#\" id=\"map_ol3js_1_popup-closer\" class=\"ol-popup-closer\"><\/a>\n\t\t\t\t\t<div id=\"map_ol3js_1_popup-content\" ><\/div>\n\t\t\t\t  <\/div>\n\t\t\t\t<\/div>\n\t\t\t\n\t\t\t\t<link rel=\"stylesheet\" href=\"http:\/\/www.drschubert.de\/wp-content\/plugins\/osm\/js\/OL\/7.1.0\/ol.css?ver=7.1.0\" type=\"text\/css\">\n\t\t\t\t<link rel=\"stylesheet\" href=\"http:\/\/www.drschubert.de\/wp-content\/plugins\/osm\/css\/osm_map_v3.css?ver=1.0.0\" type=\"text\/css\">\n\t\t\t\t<link rel=\"stylesheet\" href=\"http:\/\/www.drschubert.de\/wp-content\/plugins\/osm\/css\/osm_map.css?ver=1.0.0\" type=\"text\/css\">\n\t\t\t\t<!-- The line below is only needed for old environments like Internet Explorer and Android 4.x -->\n                                <script src=\"http:\/\/www.drschubert.de\/wp-content\/plugins\/osm\/js\/polyfill\/v2\/polyfill.min.js?features=requestAnimationFrame,Element.prototype.classList,URL\"><\/script>\n\n\t\t\t\t<script src=\"http:\/\/www.drschubert.de\/wp-content\/plugins\/osm\/js\/OL\/7.1.0\/ol.js?ver=7.1.0\" type=\"text\/javascript\"><\/script>\n\t\t\t\t<script src=\"http:\/\/www.drschubert.de\/wp-content\/plugins\/osm\/js\/osm-v3-plugin-lib.js?ver=1.0.0\" type=\"text\/javascript\"><\/script>\n\t\t\t\t<script src=\"http:\/\/www.drschubert.de\/wp-content\/plugins\/osm\/js\/osm-metabox-events.js?ver=1.0.0\" type=\"text\/javascript\"><\/script>\n\t\t\t\t<script src=\"http:\/\/www.drschubert.de\/wp-content\/plugins\/osm\/js\/osm-startup-lib.js\" type=\"text\/javascript\"><\/script>\n\t\t\t\t<script type=\"text\/javascript\">\n\t\t\t\t\ttranslations['openlayer'] = \"open layer\";\n\t\t\t\t\ttranslations['openlayerAtStartup'] = \"open layer at startup\";\n\t\t\t\t\ttranslations['generateLink'] = \"Der Link zur Karte mit ausgew\u00e4hlten Overlays und angezeigtem Ausschnitt\";\n\t\t\t\t\ttranslations['shortDescription'] = \"Kurzbeschreibung\";\n\t\t\t\t\ttranslations['generatedShortCode'] = \"to get a text control link paste this code in your wordpress editor\";\n\t\t\t\t\ttranslations['closeLayer'] = \"close layer\";\n\t\t\t\t\ttranslations['cantGenerateLink'] = \"put this string in the existing map short code to control this map\";\n\t\t\t  <\/script>\n\n\n\t\t\t  <script type=\"text\/javascript\">\n\t\t\t  vectorM['map_ol3js_1'] = [];\n\t        \n        var raster = getTileLayer(\"osm\",\"NoKey\");\t\t\t\n\n\t\t\t  var map_ol3js_1 = new ol.Map({\n\t\t\t\tinteractions: ol.interaction.defaults.defaults({mouseWheelZoom:false}),\n\t\t\t\tlayers: [raster],\n\t\t\t\ttarget: \"map_ol3js_1\",\n\t\t\t\tview: new ol.View({\n\t\t\t\t  center: ol.proj.transform([12.6328,50.7555], \"EPSG:4326\", \"EPSG:3857\"),\n\t\t\t\t  zoom: 17\n\t\t\t\t})\n\t\t\t  });\n\t\t\t  osm_addMarkerLayer(map_ol3js_1,12.6328,50.7555,\"http:\/\/www.drschubert.de\/wp-content\/plugins\/osm\/icons\/mic_red_pinother_02.png\",-16,-41,\"  <\/a><br>\") ; \naddControls2Map(map_ol3js_1,0,0,3,1,5,6,7,0,1);\nosm_addPopupClickhandler(map_ol3js_1,  \"map_ol3js_1\"); \nosm_addMouseHover(map_ol3js_1); <\/script><\/div>\n<\/div>\n<\/div>\n<\/div>\n<\/div>\n<\/div>\n<\/div>\n","protected":false},"excerpt":{"rendered":"<p>:: Kontakt Um f\u00fcr unsere Patienten angemessene Zeit f\u00fcr Beratung und Behandlung zu haben, arbeiten wir mit festen Behandlungsterminen. Daher bitten wir Sie, vorab Termine telefonisch mit uns zu vereinbaren. F\u00fcr unsere zuverl\u00e4ssige Planung ist es wichtig, dass sie Ihren Termin m\u00f6glichst 24 Stunden vorher absagen, wenn Sie ihn einmal nicht einhalten k\u00f6nnen. Bei Notf\u00e4llen k\u00f6nnen Sie nat\u00fcrlich direkt in die Praxis kommen, m\u00f6chten Sie jedoch bitten, sich vorab kurz telefonisch bei uns zu melden. Zur Verk\u00fcrzung Ihrer Wartezeit als&hellip;<\/p>\n","protected":false},"author":1,"featured_media":0,"parent":0,"menu_order":4,"comment_status":"closed","ping_status":"closed","template":"","meta":[],"_links":{"self":[{"href":"http:\/\/www.drschubert.de\/index.php?rest_route=\/wp\/v2\/pages\/3747"}],"collection":[{"href":"http:\/\/www.drschubert.de\/index.php?rest_route=\/wp\/v2\/pages"}],"about":[{"href":"http:\/\/www.drschubert.de\/index.php?rest_route=\/wp\/v2\/types\/page"}],"author":[{"embeddable":true,"href":"http:\/\/www.drschubert.de\/index.php?rest_route=\/wp\/v2\/users\/1"}],"replies":[{"embeddable":true,"href":"http:\/\/www.drschubert.de\/index.php?rest_route=%2Fwp%2Fv2%2Fcomments&post=3747"}],"version-history":[{"count":31,"href":"http:\/\/www.drschubert.de\/index.php?rest_route=\/wp\/v2\/pages\/3747\/revisions"}],"predecessor-version":[{"id":3971,"href":"http:\/\/www.drschubert.de\/index.php?rest_route=\/wp\/v2\/pages\/3747\/revisions\/3971"}],"wp:attachment":[{"href":"http:\/\/www.drschubert.de\/index.php?rest_route=%2Fwp%2Fv2%2Fmedia&parent=3747"}],"curies":[{"name":"wp","href":"https:\/\/api.w.org\/{rel}","templated":true}]}}