{"id":3767,"date":"2018-11-28T13:18:52","date_gmt":"2018-11-28T12:18:52","guid":{"rendered":"http:\/\/www.drschubert.de\/?page_id=3767"},"modified":"2026-03-15T14:32:36","modified_gmt":"2026-03-15T13:32:36","slug":"impressum","status":"publish","type":"page","link":"http:\/\/www.drschubert.de\/?page_id=3767","title":{"rendered":"Impressum"},"content":{"rendered":"<p><span class=\"seitentitel\">:: Impressum<\/span><\/p>\n<p><span class=\"punkt\">Angaben zum Unternehmen:<\/span><br \/>\nZahnarztpraxis Dr.med.dent. Alexander Schubert<br \/>\nHartensteiner Str. 3B<br \/>\n09350 Lichtenstein\/Sa.<br \/>\nTelefon: 037204 &#8211; 500 454<br \/>\nE-Mail: <a href=\"mailto:kontakt@drschubert.de\">kontakt@drschubert.de<\/a><\/p>\n<p><span class=\"punkt\">Umsatzsteuer-Identifikationsnummer:<\/span><br \/>\nkeine<\/p>\n<p>Wirtschafts-<span class=\"punkt\">Identifikationsnummer:<\/span><br \/>\nDE409579609<\/p>\n<p><span class=\"punkt\">Verantwortlich f\u00fcr die Inhalte:<\/span><br \/>\nDr.med.dent. Alexander Schubert<br \/>\nBerufsbezeichnung: Zahnarzt gem\u00e4\u00df der Approbationsordnung der BRD<br \/>\nDie Berufsbezeichnung wurde im Staat Deutschland erworben.<\/p>\n<p><span class=\"punkt\">Mitgliedschaften Dr. Alexander Schubert:<\/span><br \/>\nLandeszahn\u00e4rztekammer Sachsen<\/p>\n<p><span class=\"punkt\">Zust\u00e4ndige Zahn\u00e4rztekammer \/ Aufsichtsbeh\u00f6rde:<\/span><br \/>\nKassenzahn\u00e4rztliche Vereinigung Sachsen<br \/>\nSch\u00fctzenh\u00f6he 11<br \/>\n01099 Dresden<br \/>\nTelefon: 0351 &#8211; 805 30<br \/>\nFax: 0351 &#8211; 805 36 21<br \/>\nE-Mail: <a href=\"mailto:vorstand@kzv-sachsen.de\">vorstand@kzv-sachsen.de<\/a><br \/>\nWeb: <a href=\"https:\/\/www.zahnaerzte-in-sachsen.de\" target=\"_blank\" rel=\"noopener\">www.zahnaerzte-in-sachsen.de<\/a><\/p>\n<hr style=\"border: solid #c2d200 1px; height: 1px;\" \/>\n<p><span class=\"punkt\">Berufsrechtliche Regelungen:<\/span><br \/>\nBerufsordnung f\u00fcr Zahn\u00e4rzte der Zahn\u00e4rztekammer Sachsen<br \/>\nGeb\u00fchrenordnung f\u00fcr Zahn\u00e4rzte<br \/>\nHeilberufekammergesetz<br \/>\nZahnheilkundegesetz<\/p>\n<p><span class=\"punkt\">Haftungsausschluss:<\/span><br \/>\nDie auf diesen Webseiten abrufbaren Beitr\u00e4ge dienen ausschlie\u00dflich der generellen Information. Weder durch das Lesen noch den Download oder sonstige Nutzungsweisen von Informationen kommt ein Gesch\u00e4ftsverh\u00e4ltnis zustande oder wird aus Rat oder Auskunft gehaftet. Die Haftung f\u00fcr den Inhalt der abrufbaren Informationen wird ausgeschlossen, soweit es sich nicht um vors\u00e4tzliche oder grob fahrl\u00e4ssige Falschinformationen handelt und diese in Deutschland abgerufen werden. Bei einem Abruf in anderen Staaten wird die Haftung vollumf\u00e4nglich ausgeschlossen.<\/p>\n<p><span class=\"punkt\">Inhalt des Onlineangebotes:<\/span><br \/>\nDer Autor \u00fcbernimmt keinerlei Gew\u00e4hr f\u00fcr die Aktualit\u00e4t, Korrektheit, Vollst\u00e4ndigkeit oder Qualit\u00e4t der bereitgestellten Informationen. Haftungsanspr\u00fcche gegen den Autor, welche sich auf Sch\u00e4den materieller oder ideeller Art beziehen, die durch die Nutzung oder Nichtnutzung der dargebotenen Informationen bzw. durch die Nutzung fehlerhafter und unvollst\u00e4ndiger Informationen verursacht wurden, sind grunds\u00e4tzlich ausgeschlossen, sofern seitens des Autors kein nachweislich vors\u00e4tzliches oder grob fahrl\u00e4ssiges Verschulden vorliegt. Alle Angebote sind freibleibend und unverbindlich. Der Autor beh\u00e4lt es sich ausdr\u00fccklich vor, Teile der Seiten oder das gesamte Angebot ohne gesonderte Ank\u00fcndigung zu ver\u00e4ndern, zu erg\u00e4nzen, zu l\u00f6schen oder die Ver\u00f6ffentlichung zeitweise oder endg\u00fcltig einzustellen.<\/p>\n<p><span class=\"punkt\">Verweise und Links:<\/span><br \/>\nBei direkten oder indirekten Verweisen auf fremde Webseiten (\u201cHyperlinks\u201d), die au\u00dferhalb des Verantwortungsbereiches des Autors liegen, w\u00fcrde eine Haftungsverpflichtung ausschlie\u00dflich in dem Fall in Kraft treten, in dem der Autor von den Inhalten Kenntnis hat und es ihm technisch m\u00f6glich und zumutbar w\u00e4re, die Nutzung im Falle rechtswidriger Inhalte zu verhindern. Der Autor erkl\u00e4rt hiermit ausdr\u00fccklich, dass zum Zeitpunkt der Linksetzung keine illegalen Inhalte auf den zu verlinkenden Seiten erkennbar waren. Auf die aktuelle und zuk\u00fcnftige Gestaltung, die Inhalte oder die Urheberschaft der gelinkten\/verkn\u00fcpften Seiten hat der Autor keinerlei Einfluss.<\/p>\n<p><span class=\"punkt\">Urheber- und Kennzeichenrecht:<\/span><br \/>\nDer Autor ist bestrebt, in allen Publikationen die Urheberrechte der verwendeten Grafiken, Tondokumente, Videosequenzen und Texte zu beachten, von ihnen selbst erstellte Grafiken, Tondokumente und Texte zu nutzen oder auf lizenzfreie Grafiken, Tondokumente, Videosequenzen und Texte zur\u00fcckzugreifen. Alle innerhalb des Internetangebotes genannten und ggf. durch Dritte gesch\u00fctzten Marken- und Warenzeichen unterliegen uneingeschr\u00e4nkt den Bestimmungen des jeweiligen eingetragenen Eigent\u00fcmers. Allein aufgrund der blo\u00dfen Nennung ist nicht der Schluss zu ziehen, dass Markenzeichen nicht durch Rechte Dritter gesch\u00fctzt sind. Das Copyright f\u00fcr ver\u00f6ffentlichte, von dem Autor selbst erstellte Objekte bleibt allein beim Autor der Seiten. Eine Vervielf\u00e4ltigung oder Verwendung solcher Grafiken, Tondokumente, Videosequenzen und Texte in anderen elektronischen oder gedruckten Publikationen ist ohne ausdr\u00fcckliche Zustimmung des Autors nicht gestattet. Lediglich ausdr\u00fccklich zum Download angebotene Dateien d\u00fcrfen f\u00fcr private Zwecke genutzt werden.<\/p>\n<p><span class=\"punkt\">Rechtswirksamkeit dieses Haftungsausschlusses:<\/span><br \/>\nDieser Haftungsausschluss ist als Teil des Internetangebotes zu betrachten, von dem aus auf diese Daten verwiesen wurde. Sofern Teile oder einzelne Formulierungen dieses Textes der geltenden Rechtslage nicht, nicht mehr oder nicht vollst\u00e4ndig entsprechen sollten, bleiben die \u00fcbrigen Teile des Dokuments in ihrem Inhalt und ihrer G\u00fcltigkeit davon unber\u00fchrt.<\/p>\n","protected":false},"excerpt":{"rendered":"<p>:: Impressum Angaben zum Unternehmen: Zahnarztpraxis Dr.med.dent. Alexander Schubert Hartensteiner Str. 3B 09350 Lichtenstein\/Sa. Telefon: 037204 &#8211; 500 454 E-Mail: kontakt@drschubert.de Umsatzsteuer-Identifikationsnummer: keine Wirtschafts-Identifikationsnummer: DE409579609 Verantwortlich f\u00fcr die Inhalte: Dr.med.dent. Alexander Schubert Berufsbezeichnung: Zahnarzt gem\u00e4\u00df der Approbationsordnung der BRD Die Berufsbezeichnung wurde im Staat Deutschland erworben. Mitgliedschaften Dr. Alexander Schubert: Landeszahn\u00e4rztekammer Sachsen Zust\u00e4ndige Zahn\u00e4rztekammer \/ Aufsichtsbeh\u00f6rde: Kassenzahn\u00e4rztliche Vereinigung Sachsen Sch\u00fctzenh\u00f6he 11 01099 Dresden Telefon: 0351 &#8211; 805 30 Fax: 0351 &#8211; 805 36 21 E-Mail: vorstand@kzv-sachsen.de Web: www.zahnaerzte-in-sachsen.de Berufsrechtliche Regelungen:&hellip;<\/p>\n","protected":false},"author":1,"featured_media":0,"parent":0,"menu_order":6,"comment_status":"closed","ping_status":"closed","template":"","meta":[],"_links":{"self":[{"href":"http:\/\/www.drschubert.de\/index.php?rest_route=\/wp\/v2\/pages\/3767"}],"collection":[{"href":"http:\/\/www.drschubert.de\/index.php?rest_route=\/wp\/v2\/pages"}],"about":[{"href":"http:\/\/www.drschubert.de\/index.php?rest_route=\/wp\/v2\/types\/page"}],"author":[{"embeddable":true,"href":"http:\/\/www.drschubert.de\/index.php?rest_route=\/wp\/v2\/users\/1"}],"replies":[{"embeddable":true,"href":"http:\/\/www.drschubert.de\/index.php?rest_route=%2Fwp%2Fv2%2Fcomments&post=3767"}],"version-history":[{"count":11,"href":"http:\/\/www.drschubert.de\/index.php?rest_route=\/wp\/v2\/pages\/3767\/revisions"}],"predecessor-version":[{"id":4195,"href":"http:\/\/www.drschubert.de\/index.php?rest_route=\/wp\/v2\/pages\/3767\/revisions\/4195"}],"wp:attachment":[{"href":"http:\/\/www.drschubert.de\/index.php?rest_route=%2Fwp%2Fv2%2Fmedia&parent=3767"}],"curies":[{"name":"wp","href":"https:\/\/api.w.org\/{rel}","templated":true}]}}