{"id":3769,"date":"2018-11-28T13:19:18","date_gmt":"2018-11-28T12:19:18","guid":{"rendered":"http:\/\/www.drschubert.de\/?page_id=3769"},"modified":"2019-07-16T22:11:19","modified_gmt":"2019-07-16T20:11:19","slug":"datenschutz","status":"publish","type":"page","link":"http:\/\/www.drschubert.de\/?page_id=3769","title":{"rendered":"Datenschutz"},"content":{"rendered":"<p><span class=\"seitentitel\">:: Datenschutzerkl\u00e4rung<\/span><\/p>\n<p><strong>1) Datenschutzverantworlicher<\/strong><br \/>\nPraxisinhaber: Dr. Alexander Schubert<br \/>\nAnschrift: Hartensteiner Str. 3b, 09350 Lichtenstein<br \/>\nTelefon: 037204 500454<br \/>\nE-Mail: <a href=\"mailto:kontakt@drschubert.de\">kontakt@drschubert.de<\/a><\/p>\n<p><strong>2) Erhobene Daten<\/strong><br \/>\nWir erheben und nutzen folgende personenbezogene Daten von Ihnen, wenn Sie mit uns z.B. per E-Mail oder Telefon in Kontakt treten<br \/>\nund einen Behandlungstermin ausmachen wollen:<br \/>\nPers\u00f6nliche Angaben (z.B. Vor- und Nachnamen, Adresse, Geburtsdatum und -ort, E-Mail-Adresse, Telefonnummer,<br \/>\nVersicherungsstatus).<br \/>\nAngaben zu Kindern erheben wir nur dann, wenn diese durch die Erziehungsberechtigten in unserer Praxis als Patient vorgestellt werden.<\/p>\n<p>Der Webserver dieser Internetseite erhebt und speichert automatisiert Informationen zu jeder erhaltenen Anfrage in einem<br \/>\nEreignisprotokoll. Diese Datenerhebung erfolgt anonym und wird nur der IP-Adresse des zugreifenden Rechners zugeordnet.<br \/>\nDazu geh\u00f6ren: Browsertyp und Browserversion, das Betriebssystem des Nutzers, Bildschirmgr\u00f6\u00dfe des betrachteneden Ger\u00e4tes,<br \/>\nZuordnungsmerkmale mobiler Endger\u00e4te, Bezeichnung des anfragenden Providers, den HTTP-Statuscode der Anfrage, Name und Pfad<br \/>\nder abgerufenen Webseite, Referrer-URL (die Website von der Sie zu uns gekommen sind), Datum und Uhrzeit des Abrufs, sowie die<br \/>\n\u00fcbertragene Datenmenge.<\/p>\n<p><strong>3) Zweck der erhobenen Daten<\/strong><br \/>\nWir erheben personenbezogene Daten von Ihnen, um einen Behandlungstermin zu vereinbaren und Ihre Anfrage beantworten zu<br \/>\nk\u00f6nnen.<\/p>\n<p>Webserver dieser Internetseite erhebt und speichert automatisiert die unter Punkt 2 aufgef\u00fchrten Daten, um Ihnen unsere<br \/>\nInternetseite anzuzeigen und deren Stabilit\u00e4t und Sicherheit zu gew\u00e4hrleisten.<\/p>\n<p><strong>4) Umgang mit den erhobenen Daten<\/strong><br \/>\nIhre Daten werden von uns so lange gespeichert, wie es die oben genannten Prozesse erfordern. Sobald die Speicherung nicht mehr<br \/>\nerforderlich ist, werden Ihre Daten gel\u00f6scht.<\/p>\n<p>Folgende Diensten und Inhalten Dritter werden auf unserer Internetseite eingebunden.<br \/>\nBitte beachten Sie, die im Folgenden verlinkten Datenschuterzkl\u00e4rungen:<\/p>\n<p>Landkarten des Dienstes \u00bbOpenStreetMap\u00ab auf Grundlage der Open Data Commons Open Database Lizenz (ODbL) durch die OpenStreetMap Foundation (OSMF).<br \/>\nDatenschutzerkl\u00e4rung: <a href=\"https:\/\/wiki.osmfoundation.org\/wiki\/Privacy_Policy\" target=\"_blank\" rel=\"noopener noreferrer\">https:\/\/wiki.osmfoundation.org\/wiki\/Privacy_Policy<\/a><\/p>\n<p>Eingebettete Arzt-Bewertungen der Jameda GmbH<br \/>\nDatenschutzerkl\u00e4rung: <a href=\"https:\/\/www.jameda.de\/jameda\/datenschutz.php\" target=\"_blank\" rel=\"noopener noreferrer\">https:\/\/www.jameda.de\/jameda\/datenschutz.php<\/a><\/p>\n<p>Link Notfalldienst KZV Sachsen<br \/>\nDatenschutzerkl\u00e4rung: <a href=\"https:\/\/www.zahnaerzte-in-sachsen.de\/meta\/datenschutz\/\" target=\"_blank\" rel=\"noopener noreferrer\">https:\/\/www.zahnaerzte-in-sachsen.de\/meta\/datenschutz\/<\/a><\/p>\n<p>Link Arztbewertung Sanego<br \/>\nDatenschutzerkl\u00e4rung: <a href=\"https:\/\/www.sanego.de\/Datenschutz\" target=\"_blank\" rel=\"noopener noreferrer\">https:\/\/www.sanego.de\/Datenschutz<\/a><\/p>\n<p>Link Artzbewertung Quimeda<br \/>\nDatenschutzerkl\u00e4rung: <a href=\"https:\/\/www.qimeda.de\/agb\" target=\"_blank\" rel=\"noopener noreferrer\">https:\/\/www.qimeda.de\/agb<\/a><\/p>\n<p>Link Zahnrat<br \/>\nDatenschutzerkl\u00e4rung: <a href=\"https:\/\/www.zahnrat.de\/zahnrat\/datenschutzerklaerung\" target=\"_blank\" rel=\"noopener noreferrer\">https:\/\/www.zahnrat.de\/zahnrat\/datenschutzerklaerung<\/a><\/p>\n<p>Downloadangebot Adobe Reader und Adobe Flash Player<br \/>\nDatenschutzerkl\u00e4rung: <a href=\"https:\/\/www.adobe.com\/de\/privacy.html\" target=\"_blank\" rel=\"noopener noreferrer\">https:\/\/www.adobe.com\/de\/privacy.html<\/a><\/p>\n<p><strong>5) Google reCAPTCHA<\/strong><br \/>\nWir verwenden Google reCAPTCHA der Firma Google Inc. (1600 Amphitheatre Parkway Mountain View, CA 94043, USA) um Spam zu verhindern.<\/p>\n<p>Rechtsgrundlage f\u00fcr die Verwendung ist Artikel 6 (1) f (Rechtm\u00e4\u00dfigkeit der Verarbeitung), denn es besteht ein berechtigtes Interesse diese Webseite vor Bots und Spam zu sch\u00fctzen.<\/p>\n<p>reCAPTCHA ist ein kostenloser Dienst, der Webseiten vor Spam und Missbrauch sch\u00fctzt. Es nutzt fortschrittliche Risikoanalysetechniken, um Menschen und Bots auseinander zu halten. Mit der neuen API wird eine signifikante Anzahl Ihrer g\u00fcltigen menschlichen Benutzer die reCAPTCHA-Herausforderung bestehen, ohne ein CAPTCHA l\u00f6sen zu m\u00fcssen. Wir nutzen reCAPTCHA f\u00fcr die Absicherung von Formularen.<\/p>\n<p>Durch die Nutzung von reCAPTCHA werden Daten an Google \u00fcbertragen die Google nutzt um festzustellen ob der Besucher ein Mensch oder ein (Spam)bot ist. Welche Daten von Google erfasst werden und wof\u00fcr diese Daten verwendet werden, k\u00f6nnen Sie auf <a href=\"https:\/\/policies.google.com\/privacy?hl=de-AT\" target=\"_blank\" rel=\"noopener noreferrer\">https:\/\/policies.google.com\/privacy?hl=de-AT<\/a> nachlesen.<br \/>\nDie Nutzungsbedingungen f\u00fcr Dienste und Produkte von Google k\u00f6nnen Sie unter <a href=\"https:\/\/policies.google.com\/terms?hl=de-AT\" target=\"_blank\" rel=\"noopener noreferrer\">https:\/\/policies.google.com\/terms?hl=de-AT<\/a> nachlesen.<\/p>\n<p><strong>6) YouTube<\/strong><br \/>\nUnsere Seite verwendet f\u00fcr die Einbindung von Videos den Anbieter YouTube LLC , 901 Cherry Avenue, San Bruno, CA 94066, USA, vertreten durch Google Inc., 1600 Amphitheatre Parkway, Mountain View, CA 94043, USA. Normalerweise wird bereits bei Aufruf einer Seite mit eingebetteten Videos Ihre IP-Adresse an YouTube gesendet und Cookies auf Ihrem Rechner installiert. Wir haben unsere YouTube-Videos jedoch mit dem erweiterten Datenschutzmodus eingebunden (in diesem Fall nimmt YouTube immer noch Kontakt zu dem Dienst Double Klick von Google auf, doch werden dabei laut der Datenschutzerkl\u00e4rung von Google personenbezogene Daten nicht ausgewertet). Dadurch werden von YouTube keine Informationen \u00fcber die Besucher mehr gespeichert, es sei denn, sie sehen sich das Video an. Wenn Sie das Video anklicken, wird Ihre IP-Adresse an YouTube \u00fcbermittelt und YouTube erf\u00e4hrt, dass Sie das Video angesehen haben. Sind Sie bei YouTube eingeloggt, wird diese Information auch Ihrem Benutzerkonto zugeordnet (dies k\u00f6nnen Sie verhindern, indem Sie sich vor dem Aufrufen des Videos bei YouTube ausloggen).<\/p>\n<p>Von der dann m\u00f6glichen Erhebung und Verwendung Ihrer Daten durch YouTube haben wir keine Kenntnis und darauf auch keinen Einfluss. N\u00e4here Informationen k\u00f6nnen Sie der Datenschutzerkl\u00e4rung von YouTube unter <a href=\"http:\/\/www.google.de\/intl\/de\/policies\/privacy\/\" target=\"_blank\" rel=\"noopener noreferrer\">www.google.de\/intl\/de\/policies\/privacy\/<\/a> entnehmen.<\/p>\n<p><strong>7) Ihre Rechte zum Schutz Ihrer Daten<\/strong><br \/>\nSie haben gegen\u00fcber uns folgende Rechte hinsichtlich der Sie betreffenden personenbezogenen Daten: Recht auf Auskunft, Recht auf Berichtigung oder L\u00f6schung, Recht auf Einschr\u00e4nkung der Verarbeitung, Recht auf Widerspruch gegen die Verarbeitung, Recht auf Daten\u00fcbertragbarkeit. Sie haben das Recht, sich mit einer Beschwerde bez\u00fcglich der Datenverarbeitung an die f\u00fcr uns zust\u00e4ndige Datenschutzaufsicht zu wenden: S\u00e4chsischer Datenschutzbeauftragter, Bernhard-von-Lindenau-Platz 1, 01067 Dresden.<\/p>\n","protected":false},"excerpt":{"rendered":"<p>:: Datenschutzerkl\u00e4rung 1) Datenschutzverantworlicher Praxisinhaber: Dr. Alexander Schubert Anschrift: Hartensteiner Str. 3b, 09350 Lichtenstein Telefon: 037204 500454 E-Mail: kontakt@drschubert.de 2) Erhobene Daten Wir erheben und nutzen folgende personenbezogene Daten von Ihnen, wenn Sie mit uns z.B. per E-Mail oder Telefon in Kontakt treten und einen Behandlungstermin ausmachen wollen: Pers\u00f6nliche Angaben (z.B. Vor- und Nachnamen, Adresse, Geburtsdatum und -ort, E-Mail-Adresse, Telefonnummer, Versicherungsstatus). Angaben zu Kindern erheben wir nur dann, wenn diese durch die Erziehungsberechtigten in unserer Praxis als Patient vorgestellt werden.&hellip;<\/p>\n","protected":false},"author":1,"featured_media":0,"parent":0,"menu_order":7,"comment_status":"closed","ping_status":"closed","template":"","meta":[],"_links":{"self":[{"href":"http:\/\/www.drschubert.de\/index.php?rest_route=\/wp\/v2\/pages\/3769"}],"collection":[{"href":"http:\/\/www.drschubert.de\/index.php?rest_route=\/wp\/v2\/pages"}],"about":[{"href":"http:\/\/www.drschubert.de\/index.php?rest_route=\/wp\/v2\/types\/page"}],"author":[{"embeddable":true,"href":"http:\/\/www.drschubert.de\/index.php?rest_route=\/wp\/v2\/users\/1"}],"replies":[{"embeddable":true,"href":"http:\/\/www.drschubert.de\/index.php?rest_route=%2Fwp%2Fv2%2Fcomments&post=3769"}],"version-history":[{"count":9,"href":"http:\/\/www.drschubert.de\/index.php?rest_route=\/wp\/v2\/pages\/3769\/revisions"}],"predecessor-version":[{"id":4032,"href":"http:\/\/www.drschubert.de\/index.php?rest_route=\/wp\/v2\/pages\/3769\/revisions\/4032"}],"wp:attachment":[{"href":"http:\/\/www.drschubert.de\/index.php?rest_route=%2Fwp%2Fv2%2Fmedia&parent=3769"}],"curies":[{"name":"wp","href":"https:\/\/api.w.org\/{rel}","templated":true}]}}