{"id":3857,"date":"2018-12-01T13:38:49","date_gmt":"2018-12-01T12:38:49","guid":{"rendered":"http:\/\/www.drschubert.de\/?page_id=3857"},"modified":"2026-01-23T16:36:16","modified_gmt":"2026-01-23T15:36:16","slug":"sprechzeiten","status":"publish","type":"page","link":"http:\/\/www.drschubert.de\/?page_id=3857","title":{"rendered":"Sprechzeiten"},"content":{"rendered":"<div id=\"pl-3857\" class=\"panel-layout\">\n<div id=\"pg-3857-0\" class=\"panel-grid panel-no-style\" data-style=\"{&quot;background_image_attachment&quot;:false,&quot;background_display&quot;:&quot;tile&quot;,&quot;cell_alignment&quot;:&quot;flex-start&quot;}\" data-ratio=\"1\" data-ratio-direction=\"right\">\n<div id=\"pgc-3857-0-0\" class=\"panel-grid-cell\" data-style=\"{&quot;background_image_attachment&quot;:false,&quot;background_display&quot;:&quot;tile&quot;,&quot;vertical_alignment&quot;:&quot;auto&quot;}\" data-weight=\"1\">\n<div id=\"panel-3857-0-0-0\" class=\"so-panel widget widget_sow-editor panel-first-child panel-last-child\" data-index=\"0\" data-style=\"{&quot;background_image_attachment&quot;:false,&quot;background_display&quot;:&quot;tile&quot;}\">\n<div class=\"so-widget-sow-editor so-widget-sow-editor-base\">\n<div class=\"siteorigin-widget-tinymce textwidget\">\n<p><span class=\"seitentitel\">:: Sprechzeiten<\/span><\/p>\n<\/div>\n<\/div>\n<\/div>\n<\/div>\n<\/div>\n<div id=\"pg-3857-1\" class=\"panel-grid panel-no-style\" data-style=\"{&quot;background_image_attachment&quot;:false,&quot;background_display&quot;:&quot;tile&quot;,&quot;cell_alignment&quot;:&quot;flex-start&quot;}\" data-ratio=\"1\" data-ratio-direction=\"right\">\n<div id=\"pgc-3857-1-0\" class=\"panel-grid-cell\" data-weight=\"0.5\">\n<div id=\"panel-3857-1-0-0\" class=\"so-panel widget widget_sow-editor panel-first-child panel-last-child\" data-index=\"1\" data-style=\"{&quot;background_image_attachment&quot;:false,&quot;background_display&quot;:&quot;tile&quot;}\">\n<div class=\"so-widget-sow-editor so-widget-sow-editor-base\">\n<div class=\"siteorigin-widget-tinymce textwidget\">\n<p><strong>Montag<\/strong><br \/>\n8.00 &#8211; 12.00 Uhr 13.30 &#8211; 18.00 Uhr<\/p>\n<p><strong>Dienstag<\/strong><br \/>\n7.30 &#8211; 13.00 Uhr<\/p>\n<p><strong>Mittwoch<\/strong><br \/>\n7.30 &#8211; 13.00 Uhr<\/p>\n<p><strong>Donnerstag<\/strong><br \/>\n8.00 &#8211; 12.00 Uhr 13.30 &#8211; 18.00 Uhr<\/p>\n<p><strong>Freitag<\/strong><br \/>\n<em>nach Vereinbarung<\/em><\/p>\n<\/div>\n<\/div>\n<\/div>\n<\/div>\n<\/div>\n<div id=\"pg-3857-2\" class=\"panel-grid panel-no-style\" data-style=\"{&quot;background_image_attachment&quot;:false,&quot;background_display&quot;:&quot;tile&quot;,&quot;cell_alignment&quot;:&quot;flex-start&quot;}\">\n<div id=\"pgc-3857-2-0\" class=\"panel-grid-cell\" data-weight=\"1\">\n<div id=\"panel-3857-2-0-2\" class=\"so-panel widget widget_sow-editor panel-last-child\" data-index=\"5\" data-style=\"{&quot;background_image_attachment&quot;:false,&quot;background_display&quot;:&quot;tile&quot;}\">\n<div class=\"so-widget-sow-editor so-widget-sow-editor-base\">\n<div class=\"siteorigin-widget-tinymce textwidget\">\n<p><span class=\"seitentitel\" style=\"color: #ff9900;\"><strong>Unsere Praxis bleibt vom 11.02.26 &#8211; 19.02.26 geschlossen. <\/strong><\/span><\/p>\n<p><span class=\"seitentitel\" style=\"color: #ff9900;\"><strong>In dieser Zeit \u00fcbernehmen die Vertretung:<\/strong><\/span><br \/>\n<span class=\"seitentitel\" style=\"color: #ff9900;\"><strong><br \/>\n11.02.26 + 12.02.26<\/strong><\/span><span class=\"seitentitel\" style=\"color: #ff9900;\"><br \/>\nZ\u00c4 Anke Kant<br \/>\nSchulstra\u00dfe 26<br \/>\n09356 St. Egidien<br \/>\nTelefon: 037 204 \/ 86344<br \/>\n<\/span><span class=\"seitentitel\" style=\"color: #ff9900;\"><strong><br \/>\n16.02.26-19.02.26<\/strong><\/span><span class=\"seitentitel\" style=\"color: #ff9900;\"><br \/>\nDr.Thomas Oehme<br \/>\nF\u00e4rbergasse 1<br \/>\n09350 Lichtenstein<br \/>\nTelefon: 037204 \/ 5183<\/span><\/p>\n<p><strong><span class=\"seitentitel\" style=\"color: #ff9900;\">Ab dem 22.02.2026 sind wir gern wieder f\u00fcr Sie da.<\/span><\/strong><\/p>\n<p><span class=\"seitentitel\" style=\"color: #ff9900;\">Ihr Praxisteam Dr.Schubert<\/span><\/p>\n<\/div>\n<\/div>\n<\/div>\n<\/div>\n<\/div>\n<\/div>\n","protected":false},"excerpt":{"rendered":"<p>:: Sprechzeiten Montag 8.00 &#8211; 12.00 Uhr 13.30 &#8211; 18.00 Uhr Dienstag 7.30 &#8211; 13.00 Uhr Mittwoch 7.30 &#8211; 13.00 Uhr Donnerstag 8.00 &#8211; 12.00 Uhr 13.30 &#8211; 18.00 Uhr Freitag nach Vereinbarung Unsere Praxis bleibt vom 11.02.26 &#8211; 19.02.26 geschlossen. In dieser Zeit \u00fcbernehmen die Vertretung: 11.02.26 + 12.02.26 Z\u00c4 Anke Kant Schulstra\u00dfe 26 09356 St. Egidien Telefon: 037 204 \/ 86344 16.02.26-19.02.26 Dr.Thomas Oehme F\u00e4rbergasse 1 09350 Lichtenstein Telefon: 037204 \/ 5183 Ab dem 22.02.2026 sind wir gern&hellip;<\/p>\n","protected":false},"author":1,"featured_media":0,"parent":0,"menu_order":5,"comment_status":"closed","ping_status":"closed","template":"","meta":[],"_links":{"self":[{"href":"http:\/\/www.drschubert.de\/index.php?rest_route=\/wp\/v2\/pages\/3857"}],"collection":[{"href":"http:\/\/www.drschubert.de\/index.php?rest_route=\/wp\/v2\/pages"}],"about":[{"href":"http:\/\/www.drschubert.de\/index.php?rest_route=\/wp\/v2\/types\/page"}],"author":[{"embeddable":true,"href":"http:\/\/www.drschubert.de\/index.php?rest_route=\/wp\/v2\/users\/1"}],"replies":[{"embeddable":true,"href":"http:\/\/www.drschubert.de\/index.php?rest_route=%2Fwp%2Fv2%2Fcomments&post=3857"}],"version-history":[{"count":74,"href":"http:\/\/www.drschubert.de\/index.php?rest_route=\/wp\/v2\/pages\/3857\/revisions"}],"predecessor-version":[{"id":4193,"href":"http:\/\/www.drschubert.de\/index.php?rest_route=\/wp\/v2\/pages\/3857\/revisions\/4193"}],"wp:attachment":[{"href":"http:\/\/www.drschubert.de\/index.php?rest_route=%2Fwp%2Fv2%2Fmedia&parent=3857"}],"curies":[{"name":"wp","href":"https:\/\/api.w.org\/{rel}","templated":true}]}}